{"id":882,"date":"2026-04-02T15:29:07","date_gmt":"2026-04-02T14:29:07","guid":{"rendered":"https:\/\/meldelpallars.com\/producte\/sin%20categor\u00eda\/miel-de-romero\/"},"modified":"2026-04-22T15:40:30","modified_gmt":"2026-04-22T14:40:30","slug":"miel-de-romero","status":"publish","type":"product","link":"https:\/\/meldelpallars.com\/es\/producto\/nuestras-mieles\/miel-de-romero\/","title":{"rendered":"Miel de Romero"},"content":{"rendered":"<h2>Miel de Romero<\/h2>\n<p>Ideal en casos de resfriado o dolor de garganta y para acompa\u00f1ar el reques\u00f3n o el yogur.<\/p>\n","protected":false},"excerpt":{"rendered":"<p>La miel de romero es una de las variedades m\u00e1s valoradas por su suavidad y aroma delicado. Tiene un color claro, un sabor dulce y ligeramente floral, con un toque suave que la hace muy agradable en el paladar. Tradicionalmente se recomienda para aliviar el dolor de garganta, los resfriados y las irritaciones de las v\u00edas respiratorias. Tambi\u00e9n es valorada por sus propiedades antis\u00e9pticas naturales.<\/p>\n","protected":false},"featured_media":850,"comment_status":"open","ping_status":"closed","template":"","meta":{"_seopress_robots_primary_cat":"none","_seopress_titles_title":"","_seopress_titles_desc":"","_seopress_robots_index":""},"product_brand":[],"product_cat":[47],"product_tag":[],"class_list":{"0":"post-882","1":"product","2":"type-product","3":"status-publish","4":"has-post-thumbnail","6":"product_cat-nuestras-mieles","8":"first","9":"instock","10":"taxable","11":"shipping-taxable","12":"purchasable","13":"product-type-variable"},"_links":{"self":[{"href":"https:\/\/meldelpallars.com\/es\/wp-json\/wp\/v2\/product\/882","targetHints":{"allow":["GET"]}}],"collection":[{"href":"https:\/\/meldelpallars.com\/es\/wp-json\/wp\/v2\/product"}],"about":[{"href":"https:\/\/meldelpallars.com\/es\/wp-json\/wp\/v2\/types\/product"}],"replies":[{"embeddable":true,"href":"https:\/\/meldelpallars.com\/es\/wp-json\/wp\/v2\/comments?post=882"}],"wp:featuredmedia":[{"embeddable":true,"href":"https:\/\/meldelpallars.com\/es\/wp-json\/wp\/v2\/media\/850"}],"wp:attachment":[{"href":"https:\/\/meldelpallars.com\/es\/wp-json\/wp\/v2\/media?parent=882"}],"wp:term":[{"taxonomy":"product_brand","embeddable":true,"href":"https:\/\/meldelpallars.com\/es\/wp-json\/wp\/v2\/product_brand?post=882"},{"taxonomy":"product_cat","embeddable":true,"href":"https:\/\/meldelpallars.com\/es\/wp-json\/wp\/v2\/product_cat?post=882"},{"taxonomy":"product_tag","embeddable":true,"href":"https:\/\/meldelpallars.com\/es\/wp-json\/wp\/v2\/product_tag?post=882"}],"curies":[{"name":"wp","href":"https:\/\/api.w.org\/{rel}","templated":true}]}}