{"id":877,"date":"2026-04-07T14:27:23","date_gmt":"2026-04-07T13:27:23","guid":{"rendered":"https:\/\/meldelpallars.com\/producte\/sin%20categor\u00eda\/bresca\/"},"modified":"2026-04-22T15:57:27","modified_gmt":"2026-04-22T14:57:27","slug":"panal","status":"publish","type":"product","link":"https:\/\/meldelpallars.com\/es\/producto\/miel-con-panal\/panal\/","title":{"rendered":"Panal"},"content":{"rendered":"<h2>Panal<\/h2>\n<p>Ideal para quienes quieran degustar el sabor m\u00e1s aut\u00e9ntico y natural de la miel a trav\u00e9s de la cera natural con miel de romero.<\/p>\n","protected":false},"excerpt":{"rendered":"<p>El panal es el cuadro de cera de la colmena que las abejas han llenado completamente de miel y sellado con cera. Una vez vemos que ya es el momento \u00f3ptimo de maduraci\u00f3n de la miel, sacamos el marco de madera con el panal y lo llevamos hacia el obrador donde seleccionamos las mejores porciones todo de forma artesanal. Su sabor y propiedades son las propias de la miel de romero: sabor suave y arom\u00e1tico, ideal para aliviar el dolor de garganta, los resfriados y las irritaciones de las v\u00edas respiratorias Es un producto 100% natural, que permite degustar la miel tal y como sale de la colmena, con todo su aroma y sabor aut\u00e9ntico. Aparte de la miel, tambi\u00e9n se pueden encontrar otros alimentos como el prop\u00f3leo, el polen, la jalea real o la cera.<\/p>\n","protected":false},"featured_media":876,"comment_status":"open","ping_status":"closed","template":"","meta":{"_seopress_robots_primary_cat":"none","_seopress_titles_title":"","_seopress_titles_desc":"","_seopress_robots_index":""},"product_brand":[],"product_cat":[48],"product_tag":[],"class_list":{"0":"post-877","1":"product","2":"type-product","3":"status-publish","4":"has-post-thumbnail","6":"product_cat-miel-con-panal","8":"first","9":"instock","10":"taxable","11":"shipping-taxable","12":"purchasable","13":"product-type-variable"},"_links":{"self":[{"href":"https:\/\/meldelpallars.com\/es\/wp-json\/wp\/v2\/product\/877","targetHints":{"allow":["GET"]}}],"collection":[{"href":"https:\/\/meldelpallars.com\/es\/wp-json\/wp\/v2\/product"}],"about":[{"href":"https:\/\/meldelpallars.com\/es\/wp-json\/wp\/v2\/types\/product"}],"replies":[{"embeddable":true,"href":"https:\/\/meldelpallars.com\/es\/wp-json\/wp\/v2\/comments?post=877"}],"wp:featuredmedia":[{"embeddable":true,"href":"https:\/\/meldelpallars.com\/es\/wp-json\/wp\/v2\/media\/876"}],"wp:attachment":[{"href":"https:\/\/meldelpallars.com\/es\/wp-json\/wp\/v2\/media?parent=877"}],"wp:term":[{"taxonomy":"product_brand","embeddable":true,"href":"https:\/\/meldelpallars.com\/es\/wp-json\/wp\/v2\/product_brand?post=877"},{"taxonomy":"product_cat","embeddable":true,"href":"https:\/\/meldelpallars.com\/es\/wp-json\/wp\/v2\/product_cat?post=877"},{"taxonomy":"product_tag","embeddable":true,"href":"https:\/\/meldelpallars.com\/es\/wp-json\/wp\/v2\/product_tag?post=877"}],"curies":[{"name":"wp","href":"https:\/\/api.w.org\/{rel}","templated":true}]}}