{"id":874,"date":"2026-04-07T15:01:46","date_gmt":"2026-04-07T14:01:46","guid":{"rendered":"https:\/\/meldelpallars.com\/producte\/sin%20categor\u00eda\/miel-de-mil-flores\/"},"modified":"2026-04-22T14:48:56","modified_gmt":"2026-04-22T13:48:56","slug":"miel-de-mil-flores","status":"publish","type":"product","link":"https:\/\/meldelpallars.com\/es\/producto\/nuestras-mieles\/miel-de-mil-flores\/","title":{"rendered":"Miel de Mil Flores"},"content":{"rendered":"<h2>Miel de Mil Flores<\/h2>\n<p>Ideal en casos de resfriados, gripe o dolor de garganta y para ser utilizada para usos culinarios dada su versatilidad.<\/p>\n","protected":false},"excerpt":{"rendered":"<p>Es una miel multifloral que se caracteriza por su sabor intenso pero a su vez dulce. La combinaci\u00f3n de diferentes floraciones ofrece una miel muy sabrosa, dulce, arom\u00e1tica y ligeramente afrutada. Es especialmente recomendada en casos de resfriados, gripe, dolor de garganta y afon\u00eda, y ayuda a reforzar las defensas del organismo de manera natural.  <\/p>\n","protected":false},"featured_media":848,"comment_status":"open","ping_status":"closed","template":"","meta":{"_seopress_robots_primary_cat":"none","_seopress_titles_title":"","_seopress_titles_desc":"","_seopress_robots_index":""},"product_brand":[],"product_cat":[47],"product_tag":[],"class_list":{"0":"post-874","1":"product","2":"type-product","3":"status-publish","4":"has-post-thumbnail","6":"product_cat-nuestras-mieles","8":"first","9":"instock","10":"taxable","11":"shipping-taxable","12":"purchasable","13":"product-type-variable"},"_links":{"self":[{"href":"https:\/\/meldelpallars.com\/es\/wp-json\/wp\/v2\/product\/874","targetHints":{"allow":["GET"]}}],"collection":[{"href":"https:\/\/meldelpallars.com\/es\/wp-json\/wp\/v2\/product"}],"about":[{"href":"https:\/\/meldelpallars.com\/es\/wp-json\/wp\/v2\/types\/product"}],"replies":[{"embeddable":true,"href":"https:\/\/meldelpallars.com\/es\/wp-json\/wp\/v2\/comments?post=874"}],"wp:featuredmedia":[{"embeddable":true,"href":"https:\/\/meldelpallars.com\/es\/wp-json\/wp\/v2\/media\/848"}],"wp:attachment":[{"href":"https:\/\/meldelpallars.com\/es\/wp-json\/wp\/v2\/media?parent=874"}],"wp:term":[{"taxonomy":"product_brand","embeddable":true,"href":"https:\/\/meldelpallars.com\/es\/wp-json\/wp\/v2\/product_brand?post=874"},{"taxonomy":"product_cat","embeddable":true,"href":"https:\/\/meldelpallars.com\/es\/wp-json\/wp\/v2\/product_cat?post=874"},{"taxonomy":"product_tag","embeddable":true,"href":"https:\/\/meldelpallars.com\/es\/wp-json\/wp\/v2\/product_tag?post=874"}],"curies":[{"name":"wp","href":"https:\/\/api.w.org\/{rel}","templated":true}]}}