{"id":869,"date":"2026-04-09T11:24:17","date_gmt":"2026-04-09T10:24:17","guid":{"rendered":"https:\/\/meldelpallars.com\/producte\/sin%20categor\u00eda\/miel-de-encina-y-roble\/"},"modified":"2026-04-22T14:48:11","modified_gmt":"2026-04-22T13:48:11","slug":"miel-de-encina-y-roble","status":"publish","type":"product","link":"https:\/\/meldelpallars.com\/es\/producto\/nuestras-mieles\/miel-de-encina-y-roble\/","title":{"rendered":"Miel de Encina y Roble"},"content":{"rendered":"<h2>Miel de Encina y Roble<\/h2>\n<p>Ideal para quienes buscan sabores m\u00e1s fuertes, potentes y tostados y quienes tienen problemas de bronquitis y falta de hierro. Recomendable para usos culinarios, especialmente para caramelizar sofritos.<\/p>\n","protected":false},"excerpt":{"rendered":"<p>Esta miel tiene un sabor intenso y menos dulce que otras variedades, con notas tostadas y un punto de regaliz. Su color oscuro refleja su riqueza mineral y su profundo car\u00e1cter. Es una miel con personalidad, ideal para quienes buscan sabores m\u00e1s fuertes y complejos, pero sin renunciar a la dulzura de la miel. Sus propiedades destacan por ser muy \u00fatiles en casos de bronquitis, falta de hierro. Tambi\u00e9n se puede utilizar para usos culinarios, especialmente para caramelizar sofritos.<\/p>\n","protected":false},"featured_media":868,"comment_status":"open","ping_status":"closed","template":"","meta":{"_seopress_robots_primary_cat":"none","_seopress_titles_title":"","_seopress_titles_desc":"","_seopress_robots_index":""},"product_brand":[],"product_cat":[47],"product_tag":[],"class_list":{"0":"post-869","1":"product","2":"type-product","3":"status-publish","4":"has-post-thumbnail","6":"product_cat-nuestras-mieles","8":"first","9":"instock","10":"taxable","11":"shipping-taxable","12":"purchasable","13":"product-type-variable"},"_links":{"self":[{"href":"https:\/\/meldelpallars.com\/es\/wp-json\/wp\/v2\/product\/869","targetHints":{"allow":["GET"]}}],"collection":[{"href":"https:\/\/meldelpallars.com\/es\/wp-json\/wp\/v2\/product"}],"about":[{"href":"https:\/\/meldelpallars.com\/es\/wp-json\/wp\/v2\/types\/product"}],"replies":[{"embeddable":true,"href":"https:\/\/meldelpallars.com\/es\/wp-json\/wp\/v2\/comments?post=869"}],"wp:featuredmedia":[{"embeddable":true,"href":"https:\/\/meldelpallars.com\/es\/wp-json\/wp\/v2\/media\/868"}],"wp:attachment":[{"href":"https:\/\/meldelpallars.com\/es\/wp-json\/wp\/v2\/media?parent=869"}],"wp:term":[{"taxonomy":"product_brand","embeddable":true,"href":"https:\/\/meldelpallars.com\/es\/wp-json\/wp\/v2\/product_brand?post=869"},{"taxonomy":"product_cat","embeddable":true,"href":"https:\/\/meldelpallars.com\/es\/wp-json\/wp\/v2\/product_cat?post=869"},{"taxonomy":"product_tag","embeddable":true,"href":"https:\/\/meldelpallars.com\/es\/wp-json\/wp\/v2\/product_tag?post=869"}],"curies":[{"name":"wp","href":"https:\/\/api.w.org\/{rel}","templated":true}]}}