{"id":863,"date":"2026-04-09T11:30:48","date_gmt":"2026-04-09T10:30:48","guid":{"rendered":"https:\/\/meldelpallars.com\/producte\/sin%20categor\u00eda\/miel-de-naranjo\/"},"modified":"2026-04-22T14:48:12","modified_gmt":"2026-04-22T13:48:12","slug":"miel-de-naranjo","status":"publish","type":"product","link":"https:\/\/meldelpallars.com\/es\/producto\/nuestras-mieles\/miel-de-naranjo\/","title":{"rendered":"Miel de Naranjo"},"content":{"rendered":"<h2>Miel de Naranjo<\/h2>\n<p>Ideal para casos de ansiedad, insomnio y para acompa\u00f1ar postres o infusiones.<\/p>\n","protected":false},"excerpt":{"rendered":"<p>De color claro y aroma suave, la miel de naranjo tiene un sabor dulce y delicadamente floral, con notas c\u00edtricas que aportan una sensaci\u00f3n fresca y ligera. Es una miel muy apreciada por su finura y frescura, ideal para acompa\u00f1ar postres o infusiones. Se recomienda especialmente en casos de insomnio, estr\u00e9s o ansiedad, ayudando a favorecer el descanso y relajando el sistema nervioso.<\/p>\n","protected":false},"featured_media":862,"comment_status":"open","ping_status":"closed","template":"","meta":{"_seopress_robots_primary_cat":"none","_seopress_titles_title":"","_seopress_titles_desc":"","_seopress_robots_index":""},"product_brand":[],"product_cat":[47],"product_tag":[],"class_list":{"0":"post-863","1":"product","2":"type-product","3":"status-publish","4":"has-post-thumbnail","6":"product_cat-nuestras-mieles","8":"first","9":"instock","10":"taxable","11":"shipping-taxable","12":"purchasable","13":"product-type-variable"},"_links":{"self":[{"href":"https:\/\/meldelpallars.com\/es\/wp-json\/wp\/v2\/product\/863","targetHints":{"allow":["GET"]}}],"collection":[{"href":"https:\/\/meldelpallars.com\/es\/wp-json\/wp\/v2\/product"}],"about":[{"href":"https:\/\/meldelpallars.com\/es\/wp-json\/wp\/v2\/types\/product"}],"replies":[{"embeddable":true,"href":"https:\/\/meldelpallars.com\/es\/wp-json\/wp\/v2\/comments?post=863"}],"wp:featuredmedia":[{"embeddable":true,"href":"https:\/\/meldelpallars.com\/es\/wp-json\/wp\/v2\/media\/862"}],"wp:attachment":[{"href":"https:\/\/meldelpallars.com\/es\/wp-json\/wp\/v2\/media?parent=863"}],"wp:term":[{"taxonomy":"product_brand","embeddable":true,"href":"https:\/\/meldelpallars.com\/es\/wp-json\/wp\/v2\/product_brand?post=863"},{"taxonomy":"product_cat","embeddable":true,"href":"https:\/\/meldelpallars.com\/es\/wp-json\/wp\/v2\/product_cat?post=863"},{"taxonomy":"product_tag","embeddable":true,"href":"https:\/\/meldelpallars.com\/es\/wp-json\/wp\/v2\/product_tag?post=863"}],"curies":[{"name":"wp","href":"https:\/\/api.w.org\/{rel}","templated":true}]}}