{"id":844,"date":"2026-04-10T13:05:11","date_gmt":"2026-04-10T12:05:11","guid":{"rendered":"https:\/\/meldelpallars.com\/producte\/sin%20categor\u00eda\/polen\/"},"modified":"2026-04-22T14:48:14","modified_gmt":"2026-04-22T13:48:14","slug":"polen","status":"publish","type":"product","link":"https:\/\/meldelpallars.com\/es\/producto\/polen\/polen\/","title":{"rendered":"Polen"},"content":{"rendered":"<h2>Polen<\/h2>\n<p>Ideal para aumentar la energ\u00eda, reforzar las defensas y ayudar en periodos de desgaste f\u00edsico o mental.<\/p>\n","protected":false},"excerpt":{"rendered":"<p>El polen es un producto natural con un sabor ligeramente dulce y floral, con un toque terroso que recuerda su procedencia directa de las flores. Es muy valorado por sus propiedades energ\u00e9ticas, nutritivas y revitalizantes, ya que es rico en prote\u00ednas, vitaminas y minerales, ideales para reforzar el organismo y combatir la fatiga f\u00edsica y mental. Nuestro polen es 100 % natural y artesanal, recolectado con cuidado para preservar todas sus cualidades. Cada grano mantiene su frescura, aroma y textura originales, convirti\u00e9ndolo en un complemento saludable que se puede consumir directamente o mezclado con miel, yogur, batidos o cereales, aportando energ\u00eda y bienestar de manera natural.   <\/p>\n","protected":false},"featured_media":843,"comment_status":"open","ping_status":"closed","template":"","meta":{"_seopress_robots_primary_cat":"none","_seopress_titles_title":"","_seopress_titles_desc":"","_seopress_robots_index":""},"product_brand":[],"product_cat":[45],"product_tag":[],"class_list":{"0":"post-844","1":"product","2":"type-product","3":"status-publish","4":"has-post-thumbnail","6":"product_cat-polen","8":"first","9":"instock","10":"taxable","11":"shipping-taxable","12":"purchasable","13":"product-type-variable"},"_links":{"self":[{"href":"https:\/\/meldelpallars.com\/es\/wp-json\/wp\/v2\/product\/844","targetHints":{"allow":["GET"]}}],"collection":[{"href":"https:\/\/meldelpallars.com\/es\/wp-json\/wp\/v2\/product"}],"about":[{"href":"https:\/\/meldelpallars.com\/es\/wp-json\/wp\/v2\/types\/product"}],"replies":[{"embeddable":true,"href":"https:\/\/meldelpallars.com\/es\/wp-json\/wp\/v2\/comments?post=844"}],"wp:featuredmedia":[{"embeddable":true,"href":"https:\/\/meldelpallars.com\/es\/wp-json\/wp\/v2\/media\/843"}],"wp:attachment":[{"href":"https:\/\/meldelpallars.com\/es\/wp-json\/wp\/v2\/media?parent=844"}],"wp:term":[{"taxonomy":"product_brand","embeddable":true,"href":"https:\/\/meldelpallars.com\/es\/wp-json\/wp\/v2\/product_brand?post=844"},{"taxonomy":"product_cat","embeddable":true,"href":"https:\/\/meldelpallars.com\/es\/wp-json\/wp\/v2\/product_cat?post=844"},{"taxonomy":"product_tag","embeddable":true,"href":"https:\/\/meldelpallars.com\/es\/wp-json\/wp\/v2\/product_tag?post=844"}],"curies":[{"name":"wp","href":"https:\/\/api.w.org\/{rel}","templated":true}]}}