{"id":841,"date":"2026-04-12T15:46:30","date_gmt":"2026-04-12T14:46:30","guid":{"rendered":"https:\/\/meldelpallars.com\/producte\/sin%20categor\u00eda\/tintura-de-propolis\/"},"modified":"2026-04-22T14:44:05","modified_gmt":"2026-04-22T13:44:05","slug":"tintura-de-propolis","status":"publish","type":"product","link":"https:\/\/meldelpallars.com\/es\/producto\/propoleos\/tintura-de-propolis\/","title":{"rendered":"Tintura de Pr\u00f3polis"},"content":{"rendered":"<h2>Tintura de Pr\u00f3polis<\/h2>\n<p>Ideal para fortalecer el sistema inmunitario y aliviar afecciones de garganta o respiratorias.<\/p>\n","protected":false},"excerpt":{"rendered":"<p>El pr\u00f3polis es una sustancia natural que las abejas elaboran a partir de las resinas de los \u00e1rboles y utilizan para proteger y desinfectar la colmena. Es un antibi\u00f3tico natural con potentes propiedades antimicrobianas, antiinflamatorias y antioxidantes, muy utilizado para fortalecer el sistema inmunitario y aliviar afecciones de garganta o respiratorias. Tambi\u00e9n sirve para desinfectar y cicatrizar heridas y para las llagas bucales. Tiene un sabor muy fuerte y amargo, caracter\u00edstico de su alto contenido en resinas naturales. Para facilitar su consumo, lo diluimos con alcohol, manteniendo todas sus propiedades activas. Se recomienda tomar 5 gotas una vez al d\u00eda, preferiblemente por la noche, directamente a la garganta para potenciar su efecto. Si se prefiere, tambi\u00e9n se puede mezclar con un zumo, leche o agua para suavizar su sabor intenso.<\/p>\n","protected":false},"featured_media":840,"comment_status":"open","ping_status":"closed","template":"","meta":{"_seopress_robots_primary_cat":"none","_seopress_titles_title":"","_seopress_titles_desc":"","_seopress_robots_index":""},"product_brand":[],"product_cat":[49],"product_tag":[],"class_list":{"0":"post-841","1":"product","2":"type-product","3":"status-publish","4":"has-post-thumbnail","6":"product_cat-propoleos","8":"first","9":"instock","10":"taxable","11":"shipping-taxable","12":"purchasable","13":"product-type-variable","14":"has-default-attributes"},"_links":{"self":[{"href":"https:\/\/meldelpallars.com\/es\/wp-json\/wp\/v2\/product\/841","targetHints":{"allow":["GET"]}}],"collection":[{"href":"https:\/\/meldelpallars.com\/es\/wp-json\/wp\/v2\/product"}],"about":[{"href":"https:\/\/meldelpallars.com\/es\/wp-json\/wp\/v2\/types\/product"}],"replies":[{"embeddable":true,"href":"https:\/\/meldelpallars.com\/es\/wp-json\/wp\/v2\/comments?post=841"}],"wp:featuredmedia":[{"embeddable":true,"href":"https:\/\/meldelpallars.com\/es\/wp-json\/wp\/v2\/media\/840"}],"wp:attachment":[{"href":"https:\/\/meldelpallars.com\/es\/wp-json\/wp\/v2\/media?parent=841"}],"wp:term":[{"taxonomy":"product_brand","embeddable":true,"href":"https:\/\/meldelpallars.com\/es\/wp-json\/wp\/v2\/product_brand?post=841"},{"taxonomy":"product_cat","embeddable":true,"href":"https:\/\/meldelpallars.com\/es\/wp-json\/wp\/v2\/product_cat?post=841"},{"taxonomy":"product_tag","embeddable":true,"href":"https:\/\/meldelpallars.com\/es\/wp-json\/wp\/v2\/product_tag?post=841"}],"curies":[{"name":"wp","href":"https:\/\/api.w.org\/{rel}","templated":true}]}}