{"id":927,"date":"2026-04-22T15:44:29","date_gmt":"2026-04-22T14:44:29","guid":{"rendered":"https:\/\/meldelpallars.com\/?page_id=927"},"modified":"2026-04-23T15:48:14","modified_gmt":"2026-04-23T14:48:14","slug":"condiciones-generales-de-contratacion","status":"publish","type":"page","link":"https:\/\/meldelpallars.com\/es\/condiciones-generales-de-contratacion\/","title":{"rendered":"Condiciones generales de contrataci\u00f3n"},"content":{"rendered":"<div class=\"wpb-content-wrapper\"><p>[vc_row][vc_column][vc_column_text css=\u00bb\u00bb css_params=\u00bb\u00bb]Condiciones de contrataci\u00f3n[\/vc_column_text][\/vc_column][\/vc_row]<\/p>\n<\/div>","protected":false},"excerpt":{"rendered":"<p>[vc_row][vc_column][vc_column_text css=\u00bb\u00bb css_params=\u00bb\u00bb]Condiciones de contrataci\u00f3n[\/vc_column_text][\/vc_column][\/vc_row]<\/p>\n","protected":false},"author":4,"featured_media":0,"parent":0,"menu_order":0,"comment_status":"closed","ping_status":"closed","template":"","meta":{"_seopress_robots_primary_cat":"","_seopress_titles_title":"","_seopress_titles_desc":"Consulta las condiciones de compra de Mel del Pallars: informaci\u00f3n sobre env\u00edos, devoluciones, plazos de entrega y garant\u00edas legales.","_seopress_robots_index":"","footnotes":""},"class_list":["post-927","page","type-page","status-publish","hentry"],"_links":{"self":[{"href":"https:\/\/meldelpallars.com\/es\/wp-json\/wp\/v2\/pages\/927","targetHints":{"allow":["GET"]}}],"collection":[{"href":"https:\/\/meldelpallars.com\/es\/wp-json\/wp\/v2\/pages"}],"about":[{"href":"https:\/\/meldelpallars.com\/es\/wp-json\/wp\/v2\/types\/page"}],"author":[{"embeddable":true,"href":"https:\/\/meldelpallars.com\/es\/wp-json\/wp\/v2\/users\/4"}],"replies":[{"embeddable":true,"href":"https:\/\/meldelpallars.com\/es\/wp-json\/wp\/v2\/comments?post=927"}],"version-history":[{"count":2,"href":"https:\/\/meldelpallars.com\/es\/wp-json\/wp\/v2\/pages\/927\/revisions"}],"predecessor-version":[{"id":931,"href":"https:\/\/meldelpallars.com\/es\/wp-json\/wp\/v2\/pages\/927\/revisions\/931"}],"wp:attachment":[{"href":"https:\/\/meldelpallars.com\/es\/wp-json\/wp\/v2\/media?parent=927"}],"curies":[{"name":"wp","href":"https:\/\/api.w.org\/{rel}","templated":true}]}}